{"id":265,"date":"2017-06-21T08:08:41","date_gmt":"2017-06-21T11:08:41","guid":{"rendered":"http:\/\/dummy.xtemos.com\/woodmart\/?page_id=265"},"modified":"2022-01-27T22:50:44","modified_gmt":"2022-01-28T01:50:44","slug":"comparar","status":"publish","type":"page","link":"https:\/\/trigomarosario.com.ar\/web\/comparar\/","title":{"rendered":"Comparar"},"content":{"rendered":"\t\t<p class=\"wd-empty-compare wd-empty-page\">\n\t\t\tLa lista de comparaci\u00f3n est\u00e1 vac\u00eda.\t\t<\/p>\n\t\t\t\t\t<div class=\"wd-empty-page-text\">\n\t\t\t\tNo hay productos agregados en la lista de comparaci\u00f3n. Debe agregar algunos productos para compararlos. <br> Encontrar\u00e1 muchos productos interesantes en nuestra p\u00e1gina \"Productos\".\t\t\t<\/div>\n\t\t\t\t<p class=\"return-to-shop\">\n\t\t\t<a class=\"button\" href=\"https:\/\/trigomarosario.com.ar\/web\/productos\/\">\n\t\t\t\tVolver a la tienda\t\t\t<\/a>\n\t\t<\/p>\n\t\t\n","protected":false},"excerpt":{"rendered":"La lista de comparaci\u00f3n est\u00e1 vac\u00eda. No hay productos agregados en la lista de comparaci\u00f3n. Debe agregar algunos productos para","protected":false},"author":2,"featured_media":0,"parent":0,"menu_order":0,"comment_status":"closed","ping_status":"closed","template":"","meta":{"footnotes":""},"class_list":["post-265","page","type-page","status-publish","hentry"],"_links":{"self":[{"href":"https:\/\/trigomarosario.com.ar\/web\/wp-json\/wp\/v2\/pages\/265"}],"collection":[{"href":"https:\/\/trigomarosario.com.ar\/web\/wp-json\/wp\/v2\/pages"}],"about":[{"href":"https:\/\/trigomarosario.com.ar\/web\/wp-json\/wp\/v2\/types\/page"}],"author":[{"embeddable":true,"href":"https:\/\/trigomarosario.com.ar\/web\/wp-json\/wp\/v2\/users\/2"}],"replies":[{"embeddable":true,"href":"https:\/\/trigomarosario.com.ar\/web\/wp-json\/wp\/v2\/comments?post=265"}],"version-history":[{"count":0,"href":"https:\/\/trigomarosario.com.ar\/web\/wp-json\/wp\/v2\/pages\/265\/revisions"}],"wp:attachment":[{"href":"https:\/\/trigomarosario.com.ar\/web\/wp-json\/wp\/v2\/media?parent=265"}],"curies":[{"name":"wp","href":"https:\/\/api.w.org\/{rel}","templated":true}]}}