{"id":7102,"date":"2022-01-27T15:54:08","date_gmt":"2022-01-27T18:54:08","guid":{"rendered":"http:\/\/trigomarosario.com.ar\/web\/?page_id=7102"},"modified":"2023-12-21T13:40:46","modified_gmt":"2023-12-21T16:40:46","slug":"empresa","status":"publish","type":"page","link":"https:\/\/trigomarosario.com.ar\/web\/empresa\/","title":{"rendered":"Empresa"},"content":{"rendered":"<div class=\"wpb-content-wrapper\"><p>[vc_row gap=\u00bb30&#8243; equal_height=\u00bbyes\u00bb content_placement=\u00bbmiddle\u00bb woodmart_css_id=\u00bb658087a91499c\u00bb responsive_spacing=\u00bbeyJwYXJhbV90eXBlIjoid29vZG1hcnRfcmVzcG9uc2l2ZV9zcGFjaW5nIiwic2VsZWN0b3JfaWQiOiI2NTgwODdhOTE0OTljIiwic2hvcnRjb2RlIjoidmNfcm93IiwiZGF0YSI6eyJ0YWJsZXQiOnt9LCJtb2JpbGUiOnt9fX0=\u00bb mobile_bg_img_hidden=\u00bbno\u00bb tablet_bg_img_hidden=\u00bbno\u00bb woodmart_parallax=\u00bb0&#8243; woodmart_gradient_switch=\u00bbno\u00bb woodmart_box_shadow=\u00bbno\u00bb wd_z_index=\u00bbno\u00bb woodmart_disable_overflow=\u00bb0&#8243; row_reverse_mobile=\u00bb0&#8243; row_reverse_tablet=\u00bb0&#8243; el_class=\u00bbpagina-contenido\u00bb][vc_column width=\u00bb1\/2&#8243;]\t\t<div id=\"wd-63f9126b5f254\" class=\"wd-image wd-wpb wd-rs-63f9126b5f254 text-left  photoswipe-images\">\n\t\t\t\t\t\t\t<a href=\"https:\/\/trigomarosario.com.ar\/web\/wp-content\/uploads\/2023\/02\/img-trigoma.jpg\"  data-width=\"630\" data-height=\"473\">\n\t\t\t\n\t\t\t<img loading=\"lazy\" decoding=\"async\" width=\"630\" height=\"473\" src=\"https:\/\/trigomarosario.com.ar\/web\/wp-content\/uploads\/2023\/02\/img-trigoma.jpg\" class=\"attachment-full size-full\" alt=\"\" srcset=\"https:\/\/trigomarosario.com.ar\/web\/wp-content\/uploads\/2023\/02\/img-trigoma.jpg 630w, https:\/\/trigomarosario.com.ar\/web\/wp-content\/uploads\/2023\/02\/img-trigoma-150x113.jpg 150w, https:\/\/trigomarosario.com.ar\/web\/wp-content\/uploads\/2023\/02\/img-trigoma-400x300.jpg 400w\" sizes=\"(max-width: 630px) 100vw, 630px\" \/>\n\t\t\t\t\t\t\t<\/a>\n\t\t\t\t\t<\/div>\n\t\t[\/vc_column][vc_column width=\u00bb1\/2&#8243;]\n\t\t<div id=\"wd-65846a74b05f5\" class=\"title-wrapper wd-wpb set-mb-s reset-last-child  wd-rs-65846a74b05f5 wd-title-color-default wd-title-style-default text-left  wd-underline-colored\">\n\t\t\t\t\t\t\t<div class=\"title-subtitle  subtitle-color-default font-default subtitle-style-default wd-font-weight-500 wd-fontsize-xs\">SOMOS DISTRIBUIDORA TRIGOMA<\/div>\n\t\t\t\n\t\t\t<div class=\"liner-continer\">\n\t\t\t\t<h4 class=\"woodmart-title-container title  wd-font-weight-700 wd-fontsize-xxl\" >Acerca Nuestro<\/h4>\n\t\t\t\t\t\t\t<\/div>\n\t\t\t\n\t\t\t\t\t\t\t<div class=\"title-after_title  set-cont-mb-s reset-last-child  wd-fontsize-s\">Las marcas CONTINENTAL (CONTITECH) y CARLISLE reconocidas mundialmente nos han encomendado la misi\u00f3n de representarlos en la ciudad de Rosario, por lo que nos sentimos orgullosos de ofrecer productos de alt\u00edsima calidad.<br \/>\nTrabajamos todas las l\u00edneas de correas y mangueras de la marca CONTINENTAL (CONTITECH) y correas agr\u00edcolas y variadoras de la marca CARLISLE.<br \/>\nA trav\u00e9s del tiempo fuimos incrementando nuestro nivel de stock para poder satisfacer a todos nuestros clientes de manera r\u00e1pida y eficaz, realizando env\u00edos a todo el pa\u00eds.<br \/>\nCon el transcurso de los a\u00f1os el mercado nos ha obligado a incorporar nuevos productos, logrando de esta manera abarcar todas las necesidades de nuestros clientes.<br \/>\nNuestro proyecto es seguir trabajando sin perder la esencia de nuestros principios, conservando de esta forma los tan preciados valores de honestidad, responsabilidad y seriedad.<br \/>\nEl servicio de venta est\u00e1 dirigido a fabricantes de m\u00e1quinas agr\u00edcolas, empresas de transporte de corta y larga distancia, casas de repuestos, talleres mec\u00e1nicos en general, etc.<\/div>\n\t\t\t\n\t\t\t\n\t\t<\/div>\n\t\t\n\t\t[vc_separator]<div id=\"wd-61f2efcf23ca0\" class=\" wd-rs-61f2efcf23ca0  wd-button-wrapper text-left\"><a href=\"http:\/\/trigomarosario.com.ar\/web\/contacto\/\" title=\"Contacto\" class=\"btn btn-color-alt btn-style-default btn-style-round btn-size-large btn-icon-pos-left\">CONTACTANOS<span class=\"wd-btn-icon\"><span class=\"wd-icon fas fa-arrow-right\"><\/span><\/span><\/a><\/div>[\/vc_column][\/vc_row][vc_row][vc_column][vc_empty_space height=\u00bb40px\u00bb woodmart_hide_large=\u00bb0&#8243; woodmart_hide_medium=\u00bb0&#8243; woodmart_hide_small=\u00bb0&#8243;][\/vc_column][\/vc_row][vc_row full_width=\u00bbstretch_row_content_no_spaces\u00bb woodmart_css_id=\u00bb6583a4c482631&#8243; responsive_spacing=\u00bbeyJwYXJhbV90eXBlIjoid29vZG1hcnRfcmVzcG9uc2l2ZV9zcGFjaW5nIiwic2VsZWN0b3JfaWQiOiI2NTgzYTRjNDgyNjMxIiwic2hvcnRjb2RlIjoidmNfcm93IiwiZGF0YSI6eyJ0YWJsZXQiOnt9LCJtb2JpbGUiOnt9fX0=\u00bb mobile_bg_img_hidden=\u00bbno\u00bb tablet_bg_img_hidden=\u00bbno\u00bb woodmart_parallax=\u00bb0&#8243; woodmart_gradient_switch=\u00bbno\u00bb woodmart_box_shadow=\u00bbno\u00bb wd_z_index=\u00bbno\u00bb woodmart_disable_overflow=\u00bb0&#8243; row_reverse_mobile=\u00bb0&#8243; row_reverse_tablet=\u00bb0&#8243; css=\u00bb.vc_custom_1703126195731{margin-top: -35px !important;margin-bottom: -40px !important;padding-top: 0px !important;padding-bottom: 0px !important;background-image: url(http:\/\/trigomarosario.com.ar\/web\/wp-content\/uploads\/2023\/12\/cross_grid.png?id=9785) !important;background-position: 0 0 !important;background-repeat: no-repeat !important;}\u00bb][vc_column][vc_empty_space height=\u00bb132px\u00bb woodmart_hide_large=\u00bb0&#8243; woodmart_hide_medium=\u00bb0&#8243; woodmart_hide_small=\u00bb0&#8243;][\/vc_column][\/vc_row]<\/p>\n<\/div>","protected":false},"excerpt":{"rendered":"<p>[vc_row gap=\u00bb30&#8243; equal_height=\u00bbyes\u00bb content_placement=\u00bbmiddle\u00bb woodmart_css_id=\u00bb658087a91499c\u00bb responsive_spacing=\u00bbeyJwYXJhbV90eXBlIjoid29vZG1hcnRfcmVzcG9uc2l2ZV9zcGFjaW5nIiwic2VsZWN0b3JfaWQiOiI2NTgwODdhOTE0OTljIiwic2hvcnRjb2RlIjoidmNfcm93IiwiZGF0YSI6eyJ0YWJsZXQiOnt9LCJtb2JpbGUiOnt9fX0=\u00bb mobile_bg_img_hidden=\u00bbno\u00bb tablet_bg_img_hidden=\u00bbno\u00bb woodmart_parallax=\u00bb0&#8243; woodmart_gradient_switch=\u00bbno\u00bb woodmart_box_shadow=\u00bbno\u00bb wd_z_index=\u00bbno\u00bb woodmart_disable_overflow=\u00bb0&#8243; row_reverse_mobile=\u00bb0&#8243; row_reverse_tablet=\u00bb0&#8243; el_class=\u00bbpagina-contenido\u00bb][vc_column width=\u00bb1\/2&#8243;][\/vc_column][vc_column width=\u00bb1\/2&#8243;][vc_separator][\/vc_column][\/vc_row][vc_row][vc_column][vc_empty_space height=\u00bb40px\u00bb woodmart_hide_large=\u00bb0&#8243;<\/p>\n","protected":false},"author":2,"featured_media":0,"parent":0,"menu_order":0,"comment_status":"closed","ping_status":"closed","template":"","meta":{"footnotes":""},"class_list":["post-7102","page","type-page","status-publish","hentry"],"_links":{"self":[{"href":"https:\/\/trigomarosario.com.ar\/web\/wp-json\/wp\/v2\/pages\/7102"}],"collection":[{"href":"https:\/\/trigomarosario.com.ar\/web\/wp-json\/wp\/v2\/pages"}],"about":[{"href":"https:\/\/trigomarosario.com.ar\/web\/wp-json\/wp\/v2\/types\/page"}],"author":[{"embeddable":true,"href":"https:\/\/trigomarosario.com.ar\/web\/wp-json\/wp\/v2\/users\/2"}],"replies":[{"embeddable":true,"href":"https:\/\/trigomarosario.com.ar\/web\/wp-json\/wp\/v2\/comments?post=7102"}],"version-history":[{"count":18,"href":"https:\/\/trigomarosario.com.ar\/web\/wp-json\/wp\/v2\/pages\/7102\/revisions"}],"predecessor-version":[{"id":9857,"href":"https:\/\/trigomarosario.com.ar\/web\/wp-json\/wp\/v2\/pages\/7102\/revisions\/9857"}],"wp:attachment":[{"href":"https:\/\/trigomarosario.com.ar\/web\/wp-json\/wp\/v2\/media?parent=7102"}],"curies":[{"name":"wp","href":"https:\/\/api.w.org\/{rel}","templated":true}]}}