{"id":9865,"date":"2023-12-28T15:48:52","date_gmt":"2023-12-28T18:48:52","guid":{"rendered":"https:\/\/trigomarosario.com.ar\/web\/?post_type=product&#038;p=9865"},"modified":"2023-12-29T16:34:49","modified_gmt":"2023-12-29T19:34:49","slug":"tricoflex-hl-aspirante-expelente-hidrocarburo","status":"publish","type":"product","link":"https:\/\/trigomarosario.com.ar\/web\/producto\/tricoflex-hl-aspirante-expelente-hidrocarburo\/","title":{"rendered":"TricoFlex HL &#8211; Aspirante Expelente Hidrocarburo"},"content":{"rendered":"<p>&#8211; M\u00e1xima flexibilidad<br \/>\n&#8211; Resistente a los hidrocarburos<br \/>\n&#8211; No se colapsa<\/p>\n<p><strong>USOS PRINCIPALES<\/strong><br \/>\nAspiraci\u00f3n e impulsi\u00f3n de residuos cloacales, derivados de petr\u00f3leo, nafta, gas-oil, fuel-oil, aceites minerales y barros contaminados con combustibles. Su gran flexibilidad y resistencia lo hace particularmente indicado para el transvaso de camiones, tanques y dep\u00f3sitos.<\/p>\n<p><strong>CARACTERISTICAS<\/strong><br \/>\nElaborado con PVC 100% virgen resistente a los hidrocarburos, color azul. Espiral interno PVC r\u00edgido alto impacto. Superficie interna lisa y perfectamente calibrada, que evita la acumulaci\u00f3n de sedimentos. Resistente a los agentes atmosf\u00e9ricos y a numerosos productos qu\u00edmicos (consultar tabla). Libre de cadmio y plomo. Resistente a la abrasi\u00f3n. Temperatura de trabajo de -10\u00ba C a +60\u00ba C.<\/p>\n<p><a href=\"http:\/\/trigomarosario.com.ar\/web\/wp-content\/uploads\/2023\/12\/Sin-titulo-2.png\"><img loading=\"lazy\" decoding=\"async\" class=\"alignnone size-medium wp-image-9868\" src=\"http:\/\/trigomarosario.com.ar\/web\/wp-content\/uploads\/2023\/12\/Sin-titulo-2-400x149.png\" alt=\"\" width=\"400\" height=\"149\" srcset=\"https:\/\/trigomarosario.com.ar\/web\/wp-content\/uploads\/2023\/12\/Sin-titulo-2-400x149.png 400w, https:\/\/trigomarosario.com.ar\/web\/wp-content\/uploads\/2023\/12\/Sin-titulo-2-150x56.png 150w, https:\/\/trigomarosario.com.ar\/web\/wp-content\/uploads\/2023\/12\/Sin-titulo-2.png 686w\" sizes=\"(max-width: 400px) 100vw, 400px\" \/><\/a><\/p>\n","protected":false},"excerpt":{"rendered":"<p><strong>USOS PRINCIPALES<\/strong><br \/>\nAspiraci\u00f3n e impulsi\u00f3n de residuos cloacales, derivados de petr\u00f3leo, nafta, gas-oil, fuel-oil, aceites minerales y barros contaminados con combustibles. Su gran flexibilidad y resistencia lo hace particularmente indicado para el transvaso de camiones, tanques y dep\u00f3sitos.<\/p>\n","protected":false},"featured_media":9869,"template":"","meta":[],"product_cat":[437,452],"product_tag":[],"class_list":{"0":"post-9865","1":"product","2":"type-product","3":"status-publish","4":"has-post-thumbnail","6":"product_cat-mangueras","7":"product_cat-tricoflex","8":"pa_marca-plastimet","10":"first","11":"instock","12":"shipping-taxable","13":"product-type-simple"},"_links":{"self":[{"href":"https:\/\/trigomarosario.com.ar\/web\/wp-json\/wp\/v2\/product\/9865"}],"collection":[{"href":"https:\/\/trigomarosario.com.ar\/web\/wp-json\/wp\/v2\/product"}],"about":[{"href":"https:\/\/trigomarosario.com.ar\/web\/wp-json\/wp\/v2\/types\/product"}],"wp:featuredmedia":[{"embeddable":true,"href":"https:\/\/trigomarosario.com.ar\/web\/wp-json\/wp\/v2\/media\/9869"}],"wp:attachment":[{"href":"https:\/\/trigomarosario.com.ar\/web\/wp-json\/wp\/v2\/media?parent=9865"}],"wp:term":[{"taxonomy":"product_cat","embeddable":true,"href":"https:\/\/trigomarosario.com.ar\/web\/wp-json\/wp\/v2\/product_cat?post=9865"},{"taxonomy":"product_tag","embeddable":true,"href":"https:\/\/trigomarosario.com.ar\/web\/wp-json\/wp\/v2\/product_tag?post=9865"}],"curies":[{"name":"wp","href":"https:\/\/api.w.org\/{rel}","templated":true}]}}