{"id":9875,"date":"2023-12-28T16:23:16","date_gmt":"2023-12-28T19:23:16","guid":{"rendered":"https:\/\/trigomarosario.com.ar\/web\/?post_type=product&#038;p=9875"},"modified":"2023-12-29T16:34:48","modified_gmt":"2023-12-29T19:34:48","slug":"tricoflex-ra-aspirante-expelente-resistente-a-la-abrasion","status":"publish","type":"product","link":"https:\/\/trigomarosario.com.ar\/web\/producto\/tricoflex-ra-aspirante-expelente-resistente-a-la-abrasion\/","title":{"rendered":"TricoFlex RA &#8211; Aspirante Expelente Resistente a la Abrasi\u00f3n"},"content":{"rendered":"<p>&#8211; Buena resistencia a la abrasi\u00f3n<br \/>\n&#8211; M\u00e1xima flexibilidad<br \/>\n&#8211; M\u00ednimo peso<\/p>\n<p><strong>USOS PRINCIPALES<\/strong><br \/>\nAspiraci\u00f3n e impulsi\u00f3n de materiales con alto porcentaje de part\u00edculas, aire, humos, aserr\u00edn, virutas, fibras, textiles y polvos. Ventilaci\u00f3n y purificaci\u00f3n de ambientes con part\u00edculas en suspensi\u00f3n, etc.<\/p>\n<p>CARACTERISTICAS<br \/>\nElaborado con PVC virgen y goma nitr\u00edlica resistente a la abrasi\u00f3n, color trasl\u00facido. Espiral externo de<br \/>\nPVC r\u00edgido alto impacto, color blanco. M\u00e1xima flexibilidad y f\u00e1cil manejo gracias a su m\u00ednimo radio de<br \/>\ncurvatura. Superficie interna lisa y perfectamente calibrada, que evita turbulencias y la acumulaci\u00f3n<br \/>\nde sedimentos. Libre de cadmio y plomo. Resistente a numerosos productos qu\u00edmicos (consultar<br \/>\ntabla). M\u00e1xima resistencia a la abrasi\u00f3n. Temperatura de trabajo de -10\u00ba C a +60\u00ba C.<\/p>\n<p><a href=\"http:\/\/trigomarosario.com.ar\/web\/wp-content\/uploads\/2023\/12\/Sin-titulo-3.png\"><img loading=\"lazy\" decoding=\"async\" src=\"http:\/\/trigomarosario.com.ar\/web\/wp-content\/uploads\/2023\/12\/Sin-titulo-3-400x289.png\" alt=\"\" width=\"400\" height=\"289\" class=\"alignnone size-medium wp-image-9886\" srcset=\"https:\/\/trigomarosario.com.ar\/web\/wp-content\/uploads\/2023\/12\/Sin-titulo-3-400x289.png 400w, https:\/\/trigomarosario.com.ar\/web\/wp-content\/uploads\/2023\/12\/Sin-titulo-3-150x108.png 150w, https:\/\/trigomarosario.com.ar\/web\/wp-content\/uploads\/2023\/12\/Sin-titulo-3.png 507w\" sizes=\"(max-width: 400px) 100vw, 400px\" \/><\/a><\/p>\n","protected":false},"excerpt":{"rendered":"<p><strong>USOS PRINCIPALES<\/strong><br \/>\nAspiraci\u00f3n e impulsi\u00f3n de materiales con alto porcentaje de part\u00edculas, aire, humos, aserr\u00edn, virutas, fibras, textiles y polvos. Ventilaci\u00f3n y purificaci\u00f3n de ambientes con part\u00edculas en suspensi\u00f3n, etc.<\/p>\n","protected":false},"featured_media":9876,"template":"","meta":[],"product_cat":[437,452],"product_tag":[],"class_list":{"0":"post-9875","1":"product","2":"type-product","3":"status-publish","4":"has-post-thumbnail","6":"product_cat-mangueras","7":"product_cat-tricoflex","8":"pa_marca-plastimet","10":"first","11":"instock","12":"shipping-taxable","13":"product-type-simple"},"_links":{"self":[{"href":"https:\/\/trigomarosario.com.ar\/web\/wp-json\/wp\/v2\/product\/9875"}],"collection":[{"href":"https:\/\/trigomarosario.com.ar\/web\/wp-json\/wp\/v2\/product"}],"about":[{"href":"https:\/\/trigomarosario.com.ar\/web\/wp-json\/wp\/v2\/types\/product"}],"wp:featuredmedia":[{"embeddable":true,"href":"https:\/\/trigomarosario.com.ar\/web\/wp-json\/wp\/v2\/media\/9876"}],"wp:attachment":[{"href":"https:\/\/trigomarosario.com.ar\/web\/wp-json\/wp\/v2\/media?parent=9875"}],"wp:term":[{"taxonomy":"product_cat","embeddable":true,"href":"https:\/\/trigomarosario.com.ar\/web\/wp-json\/wp\/v2\/product_cat?post=9875"},{"taxonomy":"product_tag","embeddable":true,"href":"https:\/\/trigomarosario.com.ar\/web\/wp-json\/wp\/v2\/product_tag?post=9875"}],"curies":[{"name":"wp","href":"https:\/\/api.w.org\/{rel}","templated":true}]}}