{"id":9890,"date":"2023-12-28T16:50:47","date_gmt":"2023-12-28T19:50:47","guid":{"rendered":"https:\/\/trigomarosario.com.ar\/web\/?post_type=product&#038;p=9890"},"modified":"2023-12-29T16:34:48","modified_gmt":"2023-12-29T19:34:48","slug":"recylon-plus-20-presion-multiproposito-20-bar","status":"publish","type":"product","link":"https:\/\/trigomarosario.com.ar\/web\/producto\/recylon-plus-20-presion-multiproposito-20-bar\/","title":{"rendered":"Recylon Plus 20 &#8211; Presi\u00f3n Multiprop\u00f3sito 20 Bar"},"content":{"rendered":"<p>Resistente a los hidrocarburos<br \/>\nAlta flexibilidad y resistencia a la abrasi\u00f3n<br \/>\nM\u00e1xima resistencia a la intemperie<\/p>\n<p><strong>USOS PRINCIPALES<\/strong><br \/>\nEspecialmente dise\u00f1ado para su uso en compresores de aire, instalaciones expuestas a la intemperie o con alta exigencia mec\u00e1nica, como estaciones de servicio, talleres mec\u00e1nicos, gomer\u00edas, etc.<\/p>\n<p><strong>CARACTERISTICAS<\/strong><br \/>\nElaborado con PVC 100% virgen con compuesto de caucho de acrilo nitrilo resistente a los hidrocarburos. Interior y exterior en color negro resistente a los rayos UV. Refuerzo de fibra poliam\u00eddica en espiral y longitudinal que le confiere gran resistencia a la rotura por presi\u00f3n y elongaci\u00f3n. Superficie interna calibrada. Elevada flexibilidad y f\u00e1cil manejo. Libre de cadmio y plomo. Resistente a los agentes atmosf\u00e9ricos y a numerosos productos qu\u00edmicos (consultar tabla).<br \/>\nResistente a la abrasi\u00f3n. Temperatura de trabajo de -10\u00ba C a +60\u00ba C.<\/p>\n<p><a href=\"http:\/\/trigomarosario.com.ar\/web\/wp-content\/uploads\/2023\/12\/Sin-titulo-5.png\"><img loading=\"lazy\" decoding=\"async\" src=\"http:\/\/trigomarosario.com.ar\/web\/wp-content\/uploads\/2023\/12\/Sin-titulo-5-400x179.png\" alt=\"\" width=\"400\" height=\"179\" class=\"alignnone size-medium wp-image-9892\" srcset=\"https:\/\/trigomarosario.com.ar\/web\/wp-content\/uploads\/2023\/12\/Sin-titulo-5-400x179.png 400w, https:\/\/trigomarosario.com.ar\/web\/wp-content\/uploads\/2023\/12\/Sin-titulo-5-150x67.png 150w, https:\/\/trigomarosario.com.ar\/web\/wp-content\/uploads\/2023\/12\/Sin-titulo-5.png 639w\" sizes=\"(max-width: 400px) 100vw, 400px\" \/><\/a><\/p>\n","protected":false},"excerpt":{"rendered":"<p><strong>USOS PRINCIPALES<\/strong><br \/>\nEspecialmente dise\u00f1ado para su uso en compresores de aire, instalaciones expuestas a la intemperie o con alta exigencia mec\u00e1nica, como estaciones de servicio, talleres mec\u00e1nicos, gomer\u00edas, etc.<\/p>\n","protected":false},"featured_media":9891,"template":"","meta":[],"product_cat":[437,452],"product_tag":[],"class_list":{"0":"post-9890","1":"product","2":"type-product","3":"status-publish","4":"has-post-thumbnail","6":"product_cat-mangueras","7":"product_cat-tricoflex","9":"first","10":"instock","11":"shipping-taxable","12":"product-type-simple"},"_links":{"self":[{"href":"https:\/\/trigomarosario.com.ar\/web\/wp-json\/wp\/v2\/product\/9890"}],"collection":[{"href":"https:\/\/trigomarosario.com.ar\/web\/wp-json\/wp\/v2\/product"}],"about":[{"href":"https:\/\/trigomarosario.com.ar\/web\/wp-json\/wp\/v2\/types\/product"}],"wp:featuredmedia":[{"embeddable":true,"href":"https:\/\/trigomarosario.com.ar\/web\/wp-json\/wp\/v2\/media\/9891"}],"wp:attachment":[{"href":"https:\/\/trigomarosario.com.ar\/web\/wp-json\/wp\/v2\/media?parent=9890"}],"wp:term":[{"taxonomy":"product_cat","embeddable":true,"href":"https:\/\/trigomarosario.com.ar\/web\/wp-json\/wp\/v2\/product_cat?post=9890"},{"taxonomy":"product_tag","embeddable":true,"href":"https:\/\/trigomarosario.com.ar\/web\/wp-json\/wp\/v2\/product_tag?post=9890"}],"curies":[{"name":"wp","href":"https:\/\/api.w.org\/{rel}","templated":true}]}}