{"id":9929,"date":"2024-01-02T17:35:47","date_gmt":"2024-01-02T20:35:47","guid":{"rendered":"https:\/\/trigomarosario.com.ar\/web\/?post_type=product&#038;p=9929"},"modified":"2026-01-08T11:53:00","modified_gmt":"2026-01-08T14:53:00","slug":"manguera-hidrocarburo-amarillo","status":"publish","type":"product","link":"https:\/\/trigomarosario.com.ar\/web\/producto\/manguera-hidrocarburo-amarillo\/","title":{"rendered":"Manguera hidrocarburo amarillo"},"content":{"rendered":"<p>Manguera de alta flexibilidad elaborada elaborada con PVC 100% virgen, color amarillo trasl\u00facido. Apta para transportar aceites minerales, combustibles y otros hidrocarburos a muy baja presi\u00f3n. Su transparencia permite visualizar el fluido transportado. Libre de Cadmio y Plomo. Di\u00e1metro interior y exterior calibrado. Temperatura de trabajo var\u00eda entre los -10\u00b0C<\/p>\n<p><a href=\"http:\/\/trigomarosario.com.ar\/web\/wp-content\/uploads\/2024\/01\/Sin-titulo-7.png\"><img loading=\"lazy\" decoding=\"async\" src=\"http:\/\/trigomarosario.com.ar\/web\/wp-content\/uploads\/2024\/01\/Sin-titulo-7-239x300.png\" alt=\"\" width=\"239\" height=\"300\" class=\"alignnone size-medium wp-image-9942\" srcset=\"https:\/\/trigomarosario.com.ar\/web\/wp-content\/uploads\/2024\/01\/Sin-titulo-7-239x300.png 239w, https:\/\/trigomarosario.com.ar\/web\/wp-content\/uploads\/2024\/01\/Sin-titulo-7-150x188.png 150w, https:\/\/trigomarosario.com.ar\/web\/wp-content\/uploads\/2024\/01\/Sin-titulo-7.png 386w\" sizes=\"(max-width: 239px) 100vw, 239px\" \/><\/a><\/p>\n","protected":false},"excerpt":{"rendered":"<p>Manguera de alta flexibilidad elaborada elaborada con PVC 100% virgen, color amarillo trasl\u00facido. Apta para transportar aceites minerales, combustibles y otros hidrocarburos a muy baja presi\u00f3n. Su transparencia permite visualizar el fluido transportado. Libre de Cadmio y Plomo. Di\u00e1metro interior y exterior calibrado. Temperatura de trabajo var\u00eda entre los -10\u00b0C<\/p>\n","protected":false},"featured_media":10143,"template":"","meta":[],"product_cat":[454,437],"product_tag":[],"class_list":{"0":"post-9929","1":"product","2":"type-product","3":"status-publish","4":"has-post-thumbnail","6":"product_cat-freplast","7":"product_cat-mangueras","8":"pa_marca-freplast","10":"first","11":"instock","12":"shipping-taxable","13":"product-type-simple"},"_links":{"self":[{"href":"https:\/\/trigomarosario.com.ar\/web\/wp-json\/wp\/v2\/product\/9929"}],"collection":[{"href":"https:\/\/trigomarosario.com.ar\/web\/wp-json\/wp\/v2\/product"}],"about":[{"href":"https:\/\/trigomarosario.com.ar\/web\/wp-json\/wp\/v2\/types\/product"}],"wp:featuredmedia":[{"embeddable":true,"href":"https:\/\/trigomarosario.com.ar\/web\/wp-json\/wp\/v2\/media\/10143"}],"wp:attachment":[{"href":"https:\/\/trigomarosario.com.ar\/web\/wp-json\/wp\/v2\/media?parent=9929"}],"wp:term":[{"taxonomy":"product_cat","embeddable":true,"href":"https:\/\/trigomarosario.com.ar\/web\/wp-json\/wp\/v2\/product_cat?post=9929"},{"taxonomy":"product_tag","embeddable":true,"href":"https:\/\/trigomarosario.com.ar\/web\/wp-json\/wp\/v2\/product_tag?post=9929"}],"curies":[{"name":"wp","href":"https:\/\/api.w.org\/{rel}","templated":true}]}}