{"id":9945,"date":"2024-01-04T16:06:40","date_gmt":"2024-01-04T19:06:40","guid":{"rendered":"https:\/\/trigomarosario.com.ar\/web\/?post_type=product&#038;p=9945"},"modified":"2024-01-12T13:20:19","modified_gmt":"2024-01-12T16:20:19","slug":"manguera-oilpress","status":"publish","type":"product","link":"https:\/\/trigomarosario.com.ar\/web\/producto\/manguera-oilpress\/","title":{"rendered":"Manguera Oilpress"},"content":{"rendered":"<p>Mangueras para impulsi\u00f3n de hidrocarburos y derivados con un m\u00e1ximo de 25 % de arom\u00e1ticos<\/p>\n<p><a href=\"http:\/\/trigomarosario.com.ar\/web\/wp-content\/uploads\/2024\/01\/Sin-titulo-1-9.png\"><img loading=\"lazy\" decoding=\"async\" src=\"http:\/\/trigomarosario.com.ar\/web\/wp-content\/uploads\/2024\/01\/Sin-titulo-1-9-184x300.png\" alt=\"\" width=\"184\" height=\"300\" class=\"alignnone size-medium wp-image-9947\" \/><\/a><\/p>\n","protected":false},"excerpt":{"rendered":"<p>Mangueras para impulsi\u00f3n de hidrocarburos y derivados con un m\u00e1ximo de 25 % de arom\u00e1ticos<\/p>\n","protected":false},"featured_media":9950,"template":"","meta":[],"product_cat":[456,437],"product_tag":[],"class_list":{"0":"post-9945","1":"product","2":"type-product","3":"status-publish","4":"has-post-thumbnail","6":"product_cat-dunlop","7":"product_cat-mangueras","8":"pa_marca-dunlop","10":"first","11":"instock","12":"shipping-taxable","13":"product-type-simple"},"_links":{"self":[{"href":"https:\/\/trigomarosario.com.ar\/web\/wp-json\/wp\/v2\/product\/9945"}],"collection":[{"href":"https:\/\/trigomarosario.com.ar\/web\/wp-json\/wp\/v2\/product"}],"about":[{"href":"https:\/\/trigomarosario.com.ar\/web\/wp-json\/wp\/v2\/types\/product"}],"wp:featuredmedia":[{"embeddable":true,"href":"https:\/\/trigomarosario.com.ar\/web\/wp-json\/wp\/v2\/media\/9950"}],"wp:attachment":[{"href":"https:\/\/trigomarosario.com.ar\/web\/wp-json\/wp\/v2\/media?parent=9945"}],"wp:term":[{"taxonomy":"product_cat","embeddable":true,"href":"https:\/\/trigomarosario.com.ar\/web\/wp-json\/wp\/v2\/product_cat?post=9945"},{"taxonomy":"product_tag","embeddable":true,"href":"https:\/\/trigomarosario.com.ar\/web\/wp-json\/wp\/v2\/product_tag?post=9945"}],"curies":[{"name":"wp","href":"https:\/\/api.w.org\/{rel}","templated":true}]}}