{"id":9974,"date":"2024-01-12T13:24:20","date_gmt":"2024-01-12T16:24:20","guid":{"rendered":"https:\/\/trigomarosario.com.ar\/web\/?post_type=product&#038;p=9974"},"modified":"2024-02-23T14:07:51","modified_gmt":"2024-02-23T17:07:51","slug":"canos-rectos-para-agua","status":"publish","type":"product","link":"https:\/\/trigomarosario.com.ar\/web\/producto\/canos-rectos-para-agua\/","title":{"rendered":"Ca\u00f1os rectos para agua"},"content":{"rendered":"<p>Variedad en ca\u00f1os rectos para agua. Cons\u00faltenos!<\/p>\n","protected":false},"excerpt":{"rendered":"<p>Variedad en ca\u00f1os rectos para agua. Cons\u00faltenos!<\/p>\n","protected":false},"featured_media":10007,"template":"","meta":[],"product_cat":[437,461],"product_tag":[],"class_list":{"0":"post-9974","1":"product","2":"type-product","3":"status-publish","4":"has-post-thumbnail","6":"product_cat-mangueras","7":"product_cat-mangueras-varias","9":"first","10":"instock","11":"shipping-taxable","12":"product-type-simple"},"_links":{"self":[{"href":"https:\/\/trigomarosario.com.ar\/web\/wp-json\/wp\/v2\/product\/9974"}],"collection":[{"href":"https:\/\/trigomarosario.com.ar\/web\/wp-json\/wp\/v2\/product"}],"about":[{"href":"https:\/\/trigomarosario.com.ar\/web\/wp-json\/wp\/v2\/types\/product"}],"wp:featuredmedia":[{"embeddable":true,"href":"https:\/\/trigomarosario.com.ar\/web\/wp-json\/wp\/v2\/media\/10007"}],"wp:attachment":[{"href":"https:\/\/trigomarosario.com.ar\/web\/wp-json\/wp\/v2\/media?parent=9974"}],"wp:term":[{"taxonomy":"product_cat","embeddable":true,"href":"https:\/\/trigomarosario.com.ar\/web\/wp-json\/wp\/v2\/product_cat?post=9974"},{"taxonomy":"product_tag","embeddable":true,"href":"https:\/\/trigomarosario.com.ar\/web\/wp-json\/wp\/v2\/product_tag?post=9974"}],"curies":[{"name":"wp","href":"https:\/\/api.w.org\/{rel}","templated":true}]}}