{"id":9996,"date":"2024-02-22T10:24:13","date_gmt":"2024-02-22T13:24:13","guid":{"rendered":"https:\/\/trigomarosario.com.ar\/web\/?post_type=product&#038;p=9996"},"modified":"2025-11-26T09:24:44","modified_gmt":"2025-11-26T12:24:44","slug":"tubo-de-poliuretano-nitpol","status":"publish","type":"product","link":"https:\/\/trigomarosario.com.ar\/web\/producto\/tubo-de-poliuretano-nitpol\/","title":{"rendered":"Tubo de poliuretano NITPOL"},"content":{"rendered":"<p>Producidos con elast\u00f3mero de poliuretano termopl\u00e1stico.<br \/>\nLa m\u00e1s alta flexibilidad y absorci\u00f3n de vibraciones del mercado.<br \/>\nLivianos y con una gran recuperaci\u00f3n el\u00e1stica.<\/p>\n<p>Indicados para herramientas neum\u00e1ticas, rob\u00f3tica industrial, equipamiento m\u00e9dico, sistemas de lubricaci\u00f3n y mucho m\u00e1s.<\/p>\n","protected":false},"excerpt":{"rendered":"<p>Producidos con elast\u00f3mero de poliuretano termopl\u00e1stico. La m\u00e1s alta flexibilidad y absorci\u00f3n de vibraciones del mercado. Livianos y con una<\/p>\n","protected":false},"featured_media":10131,"template":"","meta":[],"product_cat":[437,461],"product_tag":[],"class_list":{"0":"post-9996","1":"product","2":"type-product","3":"status-publish","4":"has-post-thumbnail","6":"product_cat-mangueras","7":"product_cat-mangueras-varias","9":"first","10":"instock","11":"shipping-taxable","12":"product-type-simple"},"_links":{"self":[{"href":"https:\/\/trigomarosario.com.ar\/web\/wp-json\/wp\/v2\/product\/9996"}],"collection":[{"href":"https:\/\/trigomarosario.com.ar\/web\/wp-json\/wp\/v2\/product"}],"about":[{"href":"https:\/\/trigomarosario.com.ar\/web\/wp-json\/wp\/v2\/types\/product"}],"wp:featuredmedia":[{"embeddable":true,"href":"https:\/\/trigomarosario.com.ar\/web\/wp-json\/wp\/v2\/media\/10131"}],"wp:attachment":[{"href":"https:\/\/trigomarosario.com.ar\/web\/wp-json\/wp\/v2\/media?parent=9996"}],"wp:term":[{"taxonomy":"product_cat","embeddable":true,"href":"https:\/\/trigomarosario.com.ar\/web\/wp-json\/wp\/v2\/product_cat?post=9996"},{"taxonomy":"product_tag","embeddable":true,"href":"https:\/\/trigomarosario.com.ar\/web\/wp-json\/wp\/v2\/product_tag?post=9996"}],"curies":[{"name":"wp","href":"https:\/\/api.w.org\/{rel}","templated":true}]}}